{"id":898,"date":"2023-09-08T14:47:51","date_gmt":"2023-09-08T12:47:51","guid":{"rendered":"https:\/\/comfort65.hu\/?page_id=898"},"modified":"2024-05-27T14:45:22","modified_gmt":"2024-05-27T12:45:22","slug":"rolunk","status":"publish","type":"page","link":"https:\/\/comfort65.hu\/en\/about-us\/","title":{"rendered":"About Us"},"content":{"rendered":"<p>[et_pb_section fb_built=&#8221;1&#8243; admin_label=&#8221;call to action-1&#8243; _builder_version=&#8221;4.25.1&#8243; _module_preset=&#8221;default&#8221; background_image=&#8221;https:\/\/comfort65.hu\/wp-content\/uploads\/2024\/05\/comfort18-DSC07452-HDR-26-compressed.webp&#8221; global_colors_info=&#8221;{}&#8221;][et_pb_row _builder_version=&#8221;4.22.1&#8243; _module_preset=&#8221;default&#8221; width=&#8221;auto&#8221; global_colors_info=&#8221;{}&#8221;][et_pb_column type=&#8221;4_4&#8243; _builder_version=&#8221;4.22.1&#8243; _module_preset=&#8221;default&#8221; global_colors_info=&#8221;{}&#8221;][et_pb_text _builder_version=&#8221;4.22.2&#8243; _module_preset=&#8221;default&#8221; text_text_color=&#8221;#FFFFFF&#8221; header_2_text_color=&#8221;#FFFFFF&#8221; text_orientation=&#8221;center&#8221; width=&#8221;80%&#8221; width_tablet=&#8221;80%&#8221; width_phone=&#8221;90%&#8221; width_last_edited=&#8221;on|phone&#8221; module_alignment=&#8221;center&#8221; custom_padding=&#8221;100px||100px||true|false&#8221; header_3_text_shadow_style=&#8221;preset1&#8243; header_3_text_shadow_blur_strength=&#8221;0.14em&#8221; global_colors_info=&#8221;{}&#8221;]<\/p>\n<h3><strong>Comfort 65<\/strong><\/h3>\n<p>[\/et_pb_text][\/et_pb_column][\/et_pb_row][\/et_pb_section][et_pb_section fb_built=&#8221;1&#8243; admin_label=&#8221;introduction&#8221; _builder_version=&#8221;4.22.2&#8243; _module_preset=&#8221;default&#8221; background_color=&#8221;gcid-05134f16-62e5-467f-809e-c98a0b931356&#8243; custom_padding=&#8221;||||true|false&#8221; global_colors_info=&#8221;{%22gcid-05134f16-62e5-467f-809e-c98a0b931356%22:%91%22background_color%22%93}&#8221;][et_pb_row column_structure=&#8221;1_2,1_2&#8243; use_custom_gutter=&#8221;on&#8221; make_equal=&#8221;on&#8221; _builder_version=&#8221;4.22.2&#8243; _module_preset=&#8221;default&#8221; custom_margin=&#8221;||||false|false&#8221; custom_padding=&#8221;80px||80px||true|false&#8221; global_colors_info=&#8221;{}&#8221;][et_pb_column type=&#8221;1_2&#8243; _builder_version=&#8221;4.22.1&#8243; _module_preset=&#8221;default&#8221; custom_css_main_element=&#8221;margin:auto;&#8221; global_colors_info=&#8221;{}&#8221;][et_pb_text _builder_version=&#8221;4.22.2&#8243; _module_preset=&#8221;default&#8221; global_colors_info=&#8221;{}&#8221;]<\/p>\n<h2>ABOUT US<\/h2>\n<p>&nbsp;<\/p>\n<p class=\"translation-block\">Welcome to <strong>Comfort 65<\/strong> in Miskolc, in the North Hungary region! We are delighted you found us and look forward to welcoming you as one of our guests.<\/p>\n<p>We are honoured when guests choose us for their stay in Miskolc, Whether you're traveling on a family vacation ,business trip or a romantic getaway we really like to do our bit to help people relax in this fantastic environment.We will do our best to make your stay here simply perfect and we are always at your service if you need anything.<\/p>\n<p>Our apartments offer the comforts of home, however far you are from the warmth of home. Every room has been designed with the utmost care to ensure that our guests not only stay with us, but also relax in comfort.<\/p>\n<p>Feel free to <a href=\"https:\/\/comfort65.hu\/en\/contact\/\">contact us<\/a> with any questions or requests!<\/p>\n<p class=\"translation-block\">Real estate and interior design are our areas of expertise, but providing genuine hospitality to our guests is our passion! <strong>Come and take a look at us!<\/strong><\/p>\n<p>Venture beyond the pathways and find the hidden gems that define Miskolc's appeal.<\/p>\n<p>[\/et_pb_text][\/et_pb_column][et_pb_column type=&#8221;1_2&#8243; _builder_version=&#8221;4.22.1&#8243; _module_preset=&#8221;default&#8221; custom_padding_tablet=&#8221;40px||||false|false&#8221; custom_padding_phone=&#8221;40px||||false|false&#8221; custom_padding_last_edited=&#8221;on|phone&#8221; custom_css_main_element=&#8221;margin:auto;&#8221; global_colors_info=&#8221;{}&#8221;][et_pb_image src=&#8221;https:\/\/comfort65.hu\/wp-content\/uploads\/2024\/05\/b33d251c-e667-4ad0-a3c9-ea87e7b9f3d8.webp&#8221; title_text=&#8221;family-dog&#8221; force_fullwidth=&#8221;on&#8221; _builder_version=&#8221;4.25.1&#8243; _module_preset=&#8221;default&#8221; hover_enabled=&#8221;0&#8243; global_colors_info=&#8221;{}&#8221; sticky_enabled=&#8221;0&#8243;][\/et_pb_image][\/et_pb_column][\/et_pb_row][\/et_pb_section][et_pb_section fb_built=&#8221;1&#8243; disabled_on=&#8221;on|on|off&#8221; admin_label=&#8221;call to action-1&#8243; _builder_version=&#8221;4.25.1&#8243; _module_preset=&#8221;default&#8221; background_image=&#8221;https:\/\/comfort65.hu\/wp-content\/uploads\/2023\/12\/comfort14-Thokoly18-22.webp&#8221; parallax=&#8221;on&#8221; parallax_method=&#8221;off&#8221; custom_padding=&#8221;80px||80px||true|false&#8221; global_colors_info=&#8221;{}&#8221;][et_pb_row custom_padding_last_edited=&#8221;on|phone&#8221; _builder_version=&#8221;4.22.2&#8243; _module_preset=&#8221;default&#8221; background_color=&#8221;rgba(82,82,82,0.81)&#8221; width=&#8221;50%&#8221; width_tablet=&#8221;70%&#8221; width_phone=&#8221;80%&#8221; width_last_edited=&#8221;on|tablet&#8221; custom_margin=&#8221;40px||40px||true|false&#8221; custom_margin_tablet=&#8221;&#8221; custom_margin_phone=&#8221;&#8221; custom_margin_last_edited=&#8221;on|tablet&#8221; custom_padding=&#8221;80px|40px|80px|40px|true|true&#8221; custom_padding_tablet=&#8221;40px|40px|40px|40px|true|true&#8221; custom_padding_phone=&#8221;40px|40px|40px|40px|false|false&#8221; border_radii=&#8221;on|8px|8px|8px|8px&#8221; locked=&#8221;off&#8221; global_colors_info=&#8221;{}&#8221;][et_pb_column type=&#8221;4_4&#8243; _builder_version=&#8221;4.22.1&#8243; _module_preset=&#8221;default&#8221; global_colors_info=&#8221;{}&#8221;][et_pb_text _builder_version=&#8221;4.23.1&#8243; _module_preset=&#8221;default&#8221; text_text_color=&#8221;#FFFFFF&#8221; header_2_text_color=&#8221;#FFFFFF&#8221; header_3_font=&#8221;Parisienne|700|||||||&#8221; custom_margin=&#8221;0px||0px||true|false&#8221; custom_padding=&#8221;||||false|false&#8221; global_colors_info=&#8221;{}&#8221;]<\/p>\n<h2><span style=\"color: #ffffff;\">\u00a0OUR VISION<\/span><\/h2>\n<p><span style=\"color: #ffffff;\"><\/span><\/p>\n<p style=\"text-align: center;\">We aim to be the premier luxury accommodation destination in Miskolc, with a touch of elegance! We are committed to creating special experiences that our guests can keep and share with their friends forever.<\/p>\n<p style=\"text-align: center;\">We will do our utmost to provide our Guests with the most comfortable accommodation and to honour them with our attention.<\/p>\n<p>[\/et_pb_text][\/et_pb_column][\/et_pb_row][\/et_pb_section][et_pb_section fb_built=&#8221;1&#8243; disabled_on=&#8221;off|off|on&#8221; admin_label=&#8221;call to action-1&#8243; _builder_version=&#8221;4.25.1&#8243; _module_preset=&#8221;default&#8221; background_image=&#8221;https:\/\/comfort65.hu\/wp-content\/uploads\/2023\/12\/comfort14-Thokoly18-22.webp&#8221; custom_padding=&#8221;80px||80px||true|false&#8221; global_colors_info=&#8221;{}&#8221;][et_pb_row custom_padding_last_edited=&#8221;off|desktop&#8221; _builder_version=&#8221;4.23.1&#8243; _module_preset=&#8221;default&#8221; background_color=&#8221;rgba(82,82,82,0.81)&#8221; width=&#8221;50%&#8221; width_tablet=&#8221;70%&#8221; width_phone=&#8221;80%&#8221; width_last_edited=&#8221;on|tablet&#8221; custom_margin=&#8221;40px||40px||true|false&#8221; custom_margin_tablet=&#8221;&#8221; custom_margin_phone=&#8221;&#8221; custom_margin_last_edited=&#8221;on|tablet&#8221; custom_padding=&#8221;40px|0px|40px|0px|true|true&#8221; custom_padding_tablet=&#8221;40px|40px|40px|40px|true|true&#8221; custom_padding_phone=&#8221;40px|0px|40px|0px|false|false&#8221; border_radii=&#8221;on|8px|8px|8px|8px&#8221; locked=&#8221;off&#8221; global_colors_info=&#8221;{}&#8221;][et_pb_column type=&#8221;4_4&#8243; _builder_version=&#8221;4.22.1&#8243; _module_preset=&#8221;default&#8221; global_colors_info=&#8221;{}&#8221;][et_pb_text _builder_version=&#8221;4.23.1&#8243; _module_preset=&#8221;default&#8221; text_text_color=&#8221;#FFFFFF&#8221; header_2_text_color=&#8221;#FFFFFF&#8221; header_3_font=&#8221;Parisienne|700|||||||&#8221; custom_margin=&#8221;0px||0px||true|false&#8221; global_colors_info=&#8221;{}&#8221;]<\/p>\n<h2><span style=\"color: #ffffff;\">\u00a0OUR VISION<\/span><\/h2>\n<p><span style=\"color: #ffffff;\"><\/span><\/p>\n<p style=\"text-align: center;\">We aim to be the premier luxury accommodation destination in Miskolc, with a touch of elegance! We are committed to creating special experiences that our guests can keep and share with their friends forever.<\/p>\n<p style=\"text-align: center;\">We will do our utmost to provide our Guests with the most comfortable accommodation and to honour them with our attention.<\/p>\n<p>[\/et_pb_text][\/et_pb_column][\/et_pb_row][\/et_pb_section][et_pb_section fb_built=&#8221;1&#8243; _builder_version=&#8221;4.22.2&#8243; _module_preset=&#8221;default&#8221; custom_margin=&#8221;||||false|false&#8221; custom_padding=&#8221;||120px||false|false&#8221; global_colors_info=&#8221;{}&#8221;][et_pb_row _builder_version=&#8221;4.22.1&#8243; _module_preset=&#8221;default&#8221; global_colors_info=&#8221;{}&#8221;][et_pb_column type=&#8221;4_4&#8243; _builder_version=&#8221;4.22.1&#8243; _module_preset=&#8221;default&#8221; global_colors_info=&#8221;{}&#8221;][et_pb_text _builder_version=&#8221;4.22.2&#8243; _module_preset=&#8221;default&#8221; global_colors_info=&#8221;{}&#8221;]<\/p>\n<h3 style=\"text-align: center;\">Why us?<\/h3>\n<h2 style=\"text-align: center;\">COSY APARTMENTS<\/h2>\n<h6 style=\"text-align: center;\">THE PERFECT PLACE TO RELAX<\/h6>\n<p>&nbsp;<\/p>\n<p style=\"text-align: center;\" class=\"translation-block\">Hagyja maga m\u00f6g\u00f6tt a h\u00e9tk\u00f6znapi ny\u00fczsg\u00e9st, \u00e9s \u00e9lvezze a csod\u00e1latos apartmanjainkat! Sz\u00e1ll\u00e1sainkat sz\u00e1mos elem d\u00edsz\u00edti, amelyek eleganci\u00e1t \u00e9s letisztult hangulatot sug\u00e1roznak, mindemellett elhelyezked\u00e9s\u00fck is kiv\u00e1l\u00f3. A belv\u00e1rosban rengeteg helyi \u00e9ttermet, b\u00e1rt, \u00fczletet, l\u00e1tv\u00e1nyoss\u00e1got \u00e9s k\u00e1v\u00e9z\u00f3t fedezhet fel.<br>R\u00f6vid \u00e9s hossz\u00fat\u00e1v\u00fa b\u00e9rlem\u00e9nyeink kellemesen berendezettek \u00e9s teljes m\u00e9rt\u00e9kben felszereltek, hogy otthon k\u00e9nyelm\u00e9vel \u00e9s tisztas\u00e1g\u00e1val v\u00e1rj\u00e1k \u00d6nt.<\/p>\n<p style=\"text-align: center;\">We are here to make sure you have a comfortable stay.<\/p>\n<p style=\"text-align: center;\">Enjoy the green environment with your family and friends, and you can be sure that we'll be on hand to help you with anything you need!<\/p>\n<p>[\/et_pb_text][\/et_pb_column][\/et_pb_row][\/et_pb_section][et_pb_section fb_built=&#8221;1&#8243; _builder_version=&#8221;4.22.2&#8243; _module_preset=&#8221;default&#8221; background_color=&#8221;gcid-05134f16-62e5-467f-809e-c98a0b931356&#8243; global_colors_info=&#8221;{%22gcid-05134f16-62e5-467f-809e-c98a0b931356%22:%91%22background_color%22%93}&#8221;][et_pb_row _builder_version=&#8221;4.22.2&#8243; _module_preset=&#8221;default&#8221; background_color=&#8221;#FFFFFF&#8221; custom_margin=&#8221;-120px||||false|false&#8221; custom_padding=&#8221;60px||60px||true|false&#8221; border_radii=&#8221;on|8px|8px|8px|8px&#8221; box_shadow_style=&#8221;preset1&#8243; box_shadow_blur=&#8221;44px&#8221; box_shadow_spread=&#8221;5px&#8221; box_shadow_color=&#8221;rgba(0,0,0,0.17)&#8221; global_colors_info=&#8221;{}&#8221;][et_pb_column type=&#8221;4_4&#8243; _builder_version=&#8221;4.22.1&#8243; _module_preset=&#8221;default&#8221; global_colors_info=&#8221;{}&#8221;][et_pb_text _builder_version=&#8221;4.25.1&#8243; _module_preset=&#8221;default&#8221; global_colors_info=&#8221;{}&#8221;]<\/p>\n<h2 style=\"text-align: center;\">ALWAYS FIND ME HERE<\/h2>\n<p>&nbsp;<\/p>\n<p style=\"text-align: center;\"><i class=\"fa-solid fa-phone fa-lg\" style=\"color: #ff8400;\"><\/i> <a href=\"tel:+36706442276\" target=\"_blank\" rel=\"noopener\">+36 70 644 2276<\/a><\/p>\n<p style=\"text-align: center;\"><a class=\"email\" href=\"mailto:comfort@comfort65.hu\">comfort@comfort65.hu<\/a><\/p>\n<p>[\/et_pb_text][\/et_pb_column][\/et_pb_row][\/et_pb_section]<\/p>","protected":false},"excerpt":{"rendered":"<p>Comfort 65R\u00d3LUNK &nbsp; \u00dcdv\u00f6z\u00f6lj\u00fck a Comfort 65-n\u00e9l, Miskolcon az \u00c9szak-magyarorsz\u00e1gi r\u00e9gi\u00f3ban! Nagyon \u00f6r\u00fcl\u00fcnk, hogy megtal\u00e1lt minket, \u00e9s alig v\u00e1rjuk, hogy vend\u00e9geink k\u00f6z\u00f6tt tudhassuk. Megtisztel\u0151 sz\u00e1munkra, amikor a vend\u00e9gek minket v\u00e1lasztanak miskolci tart\u00f3zkod\u00e1sukhoz, \u00e9s igaz\u00e1n szeret\u00fcnk tenni az\u00e9rt, hogy ebben a fantasztikus k\u00f6rnyezetben az emberek kikapcsol\u00f3dhassanak. Minden t\u0151l\u00fcnk telhet\u0151t megtesz\u00fcnk, hogy az itt t\u00f6lt\u00f6tt id\u0151 egyszer\u0171en t\u00f6k\u00e9letes legyen, \u00e9s mindig rendelkez\u00e9s\u00e9re \u00e1llunk, ha b\u00e1rmire sz\u00fcks\u00e9ge lenne. Apartmanjaink az otthon k\u00e9nyelm\u00e9t k\u00edn\u00e1lj\u00e1k, legyen \u00d6n b\u00e1rmilyen t\u00e1vol is otthona meleg\u00e9t\u0151l. Minden helyis\u00e9get a legnagyobb gondoss\u00e1ggal alak\u00edtottunk ki, hogy Vend\u00e9geink ne csak megsz\u00e1lljanak n\u00e1lunk, hanem k\u00e9nyelmesen kikapcsol\u00f3dhassanak. Forduljon hozz\u00e1nk b\u00e1tran k\u00e9rd\u00e9seivel vagy k\u00e9r\u00e9seivel! Az ingatlan \u00e9s a bels\u0151\u00e9p\u00edt\u00e9szet a szakter\u00fclet\u00fcnk, de a vend\u00e9geink ir\u00e1nti val\u00f3di vend\u00e9gszeretet ny\u00fajt\u00e1sa a szenved\u00e9ly\u00fcnk! J\u00f6jj\u00f6n \u00e9s n\u00e9zzen sz\u00e9t n\u00e1lunk! Ez lesz \u00e9lete legjobb id\u0151pontja\u2026\u00a0V\u00cdZI\u00d3NK C\u00e9lunk, hogy Miskolcon a luxus sz\u00e1ll\u00e1sok meghat\u00e1roz\u00f3 helysz\u00ednei legy\u00fcnk, egy kis elegancia hangulat\u00e1val! Elk\u00f6telezetten dolgozunk azon, hogy olyan k\u00fcl\u00f6nleges \u00e9lm\u00e9nyeket teremts\u00fcnk, melyeket vend\u00e9geink \u00f6r\u00f6kre meg\u0151rizhetnek, \u00e9s megoszthatnak ismer\u0151seikkel. Minden t\u0151l\u00fcnk telhet\u0151t megtesz\u00fcnk annak \u00e9rdek\u00e9ben, hogy Vend\u00e9geink sz\u00e1m\u00e1ra a legk\u00e9nyelmesebb sz\u00e1ll\u00e1sokat biztos\u00edtsuk, \u00e9s kit\u00fcntess\u00fck \u0150ket figyelm\u00fcnkkel.\u00a0V\u00cdZI\u00d3NK C\u00e9lunk, hogy Miskolcon a luxus sz\u00e1ll\u00e1sok meghat\u00e1roz\u00f3 helysz\u00ednei legy\u00fcnk, egy kis elegancia hangulat\u00e1val! Elk\u00f6telezetten dolgozunk azon, hogy olyan k\u00fcl\u00f6nleges \u00e9lm\u00e9nyeket teremts\u00fcnk, melyeket vend\u00e9geink \u00f6r\u00f6kre meg\u0151rizhetnek, \u00e9s megoszthatnak ismer\u0151seikkel. Minden t\u0151l\u00fcnk [&hellip;]<\/p>","protected":false},"author":3,"featured_media":0,"parent":0,"menu_order":0,"comment_status":"closed","ping_status":"closed","template":"","meta":{"_et_pb_use_builder":"on","_et_pb_old_content":"","_et_gb_content_width":"","footnotes":""},"class_list":["post-898","page","type-page","status-publish","hentry"],"_links":{"self":[{"href":"https:\/\/comfort65.hu\/en\/wp-json\/wp\/v2\/pages\/898","targetHints":{"allow":["GET"]}}],"collection":[{"href":"https:\/\/comfort65.hu\/en\/wp-json\/wp\/v2\/pages"}],"about":[{"href":"https:\/\/comfort65.hu\/en\/wp-json\/wp\/v2\/types\/page"}],"author":[{"embeddable":true,"href":"https:\/\/comfort65.hu\/en\/wp-json\/wp\/v2\/users\/3"}],"replies":[{"embeddable":true,"href":"https:\/\/comfort65.hu\/en\/wp-json\/wp\/v2\/comments?post=898"}],"version-history":[{"count":0,"href":"https:\/\/comfort65.hu\/en\/wp-json\/wp\/v2\/pages\/898\/revisions"}],"wp:attachment":[{"href":"https:\/\/comfort65.hu\/en\/wp-json\/wp\/v2\/media?parent=898"}],"curies":[{"name":"wp","href":"https:\/\/api.w.org\/{rel}","templated":true}]}}